{"id":21,"date":"2021-05-25T18:48:41","date_gmt":"2021-05-25T18:48:41","guid":{"rendered":"https:\/\/andrea-wahr.de\/?page_id=21"},"modified":"2025-12-17T12:04:04","modified_gmt":"2025-12-17T11:04:04","slug":"titel-1","status":"publish","type":"page","link":"https:\/\/andrea-wahr.de\/?page_id=21","title":{"rendered":"DIE MARKEN"},"content":{"rendered":"\n<div class=\"wp-block-columns is-layout-flex wp-container-core-columns-is-layout-9d6595d7 wp-block-columns-is-layout-flex\">\n<div class=\"wp-block-column is-vertically-aligned-top is-layout-flow wp-block-column-is-layout-flow\">\n<p>Handwerkskunst, h\u00f6chster Anspruch an Qualit\u00e4t und die stetige Suche nach immer neuen Linien sind die Prinzipien, die das Unternehmen Hubert Gasser auszeichnen. Verwurzelt mit Tradition made in Italy begeistert die Kollektion von Hubert Gasser immer wieder aufs Neue. Mit aufwendigen Materialien und Garnen entwirft das Unternehmen hochwertige Mode seit 1976.<\/p>\n\n\n\n<figure class=\"wp-block-image size-full is-resized\"><a href=\"https:\/\/de.hubertgasser.com\/\"><img loading=\"lazy\" decoding=\"async\" width=\"2560\" height=\"320\" src=\"https:\/\/andrea-wahr.de\/wp-content\/uploads\/2023\/01\/Hubert-Gasser-Logo-1-scaled.jpg\" alt=\"\" class=\"wp-image-264\" style=\"width:275px;height:28px\" srcset=\"https:\/\/andrea-wahr.de\/wp-content\/uploads\/2023\/01\/Hubert-Gasser-Logo-1-scaled.jpg 2560w, https:\/\/andrea-wahr.de\/wp-content\/uploads\/2023\/01\/Hubert-Gasser-Logo-1-300x38.jpg 300w, https:\/\/andrea-wahr.de\/wp-content\/uploads\/2023\/01\/Hubert-Gasser-Logo-1-1024x128.jpg 1024w, https:\/\/andrea-wahr.de\/wp-content\/uploads\/2023\/01\/Hubert-Gasser-Logo-1-768x96.jpg 768w, https:\/\/andrea-wahr.de\/wp-content\/uploads\/2023\/01\/Hubert-Gasser-Logo-1-1536x192.jpg 1536w, https:\/\/andrea-wahr.de\/wp-content\/uploads\/2023\/01\/Hubert-Gasser-Logo-1-2048x256.jpg 2048w\" sizes=\"auto, (max-width: 2560px) 100vw, 2560px\" \/><\/a><\/figure>\n<\/div>\n\n\n\n<div class=\"wp-block-column is-layout-flow wp-block-column-is-layout-flow\">\n<figure class=\"wp-block-image size-large is-resized\"><img loading=\"lazy\" decoding=\"async\" width=\"683\" height=\"1024\" src=\"https:\/\/andrea-wahr.de\/wp-content\/uploads\/2024\/01\/14-1-683x1024.jpg\" alt=\"\" class=\"wp-image-326\" style=\"width:259px;height:auto\" srcset=\"https:\/\/andrea-wahr.de\/wp-content\/uploads\/2024\/01\/14-1-683x1024.jpg 683w, https:\/\/andrea-wahr.de\/wp-content\/uploads\/2024\/01\/14-1-200x300.jpg 200w, https:\/\/andrea-wahr.de\/wp-content\/uploads\/2024\/01\/14-1-768x1152.jpg 768w, https:\/\/andrea-wahr.de\/wp-content\/uploads\/2024\/01\/14-1-1024x1536.jpg 1024w, https:\/\/andrea-wahr.de\/wp-content\/uploads\/2024\/01\/14-1-1365x2048.jpg 1365w, https:\/\/andrea-wahr.de\/wp-content\/uploads\/2024\/01\/14-1-scaled.jpg 1707w\" sizes=\"auto, (max-width: 683px) 100vw, 683px\" \/><\/figure>\n<\/div>\n<\/div>\n\n\n\n<div class=\"wp-block-columns is-layout-flex wp-container-core-columns-is-layout-9d6595d7 wp-block-columns-is-layout-flex\">\n<div class=\"wp-block-column is-vertically-aligned-top is-layout-flow wp-block-column-is-layout-flow\">\n<p>Exzellenter Service, au\u00dfergew\u00f6hnliche Materialien und hohe Qualit\u00e4t werden bei Beate Heymann gro\u00dfgeschrieben. Mit ausgefallenen, neuen Schnitten und anspruchsvollen Materialkompositionen setzt die Marke auf Kreativit\u00e4t und wendet sich an die stilvolle Kundin, die selbstbewusst ist und das Besondere liebt.<\/p>\n\n\n\n<figure class=\"wp-block-image size-full is-resized\"><a href=\"https:\/\/beate-heymann.de\/home\/start\"><img loading=\"lazy\" decoding=\"async\" width=\"715\" height=\"74\" src=\"https:\/\/andrea-wahr.de\/wp-content\/uploads\/2023\/01\/BEATEHEYMANN-LOGO-2.png\" alt=\"\" class=\"wp-image-267\" style=\"width:275px;height:28px\" srcset=\"https:\/\/andrea-wahr.de\/wp-content\/uploads\/2023\/01\/BEATEHEYMANN-LOGO-2.png 715w, https:\/\/andrea-wahr.de\/wp-content\/uploads\/2023\/01\/BEATEHEYMANN-LOGO-2-300x31.png 300w\" sizes=\"auto, (max-width: 715px) 100vw, 715px\" \/><\/a><\/figure>\n<\/div>\n\n\n\n<div class=\"wp-block-column is-layout-flow wp-block-column-is-layout-flow\">\n<figure class=\"wp-block-image size-large is-resized\"><img loading=\"lazy\" decoding=\"async\" width=\"731\" height=\"1024\" src=\"https:\/\/andrea-wahr.de\/wp-content\/uploads\/2025\/07\/K48-1-731x1024.jpeg\" alt=\"\" class=\"wp-image-366\" style=\"width:285px;height:auto\" srcset=\"https:\/\/andrea-wahr.de\/wp-content\/uploads\/2025\/07\/K48-1-731x1024.jpeg 731w, https:\/\/andrea-wahr.de\/wp-content\/uploads\/2025\/07\/K48-1-214x300.jpeg 214w, https:\/\/andrea-wahr.de\/wp-content\/uploads\/2025\/07\/K48-1-768x1076.jpeg 768w, https:\/\/andrea-wahr.de\/wp-content\/uploads\/2025\/07\/K48-1-1096x1536.jpeg 1096w, https:\/\/andrea-wahr.de\/wp-content\/uploads\/2025\/07\/K48-1-1462x2048.jpeg 1462w, https:\/\/andrea-wahr.de\/wp-content\/uploads\/2025\/07\/K48-1-scaled.jpeg 1827w\" sizes=\"auto, (max-width: 731px) 100vw, 731px\" \/><\/figure>\n<\/div>\n<\/div>\n\n\n\n<div class=\"wp-block-columns is-layout-flex wp-container-core-columns-is-layout-9d6595d7 wp-block-columns-is-layout-flex\">\n<div class=\"wp-block-column is-layout-flow wp-block-column-is-layout-flow\" style=\"flex-basis:66.66%\">\n<p><strong>SANI Blu<\/strong> vereint europ\u00e4isches Design mit tragbarer Eleganz. Die Kollektionen \u00fcberzeugen durch hochwertige Materialien, moderne Silhouetten und eine Farbwelt, die sich m\u00fchelos kombinieren l\u00e4sst \u2013 feminin, stilvoll, zeitlos.<\/p>\n<\/div>\n\n\n\n<div class=\"wp-block-column is-vertically-aligned-center is-layout-flow wp-block-column-is-layout-flow\" style=\"flex-basis:33.33%\"><div class=\"wp-block-image\">\n<figure class=\"alignleft size-full is-resized\"><img loading=\"lazy\" decoding=\"async\" width=\"508\" height=\"75\" src=\"https:\/\/andrea-wahr.de\/wp-content\/uploads\/2025\/12\/logo-sani-blu.jpg\" alt=\"\" class=\"wp-image-374\" style=\"width:314px;height:auto\" srcset=\"https:\/\/andrea-wahr.de\/wp-content\/uploads\/2025\/12\/logo-sani-blu.jpg 508w, https:\/\/andrea-wahr.de\/wp-content\/uploads\/2025\/12\/logo-sani-blu-300x44.jpg 300w\" sizes=\"auto, (max-width: 508px) 100vw, 508px\" \/><\/figure>\n<\/div><\/div>\n<\/div>\n\n\n\n<div class=\"wp-block-columns is-layout-flex wp-container-core-columns-is-layout-9d6595d7 wp-block-columns-is-layout-flex\">\n<div class=\"wp-block-column is-layout-flow wp-block-column-is-layout-flow\">\n<figure class=\"wp-block-image size-full is-resized\"><img loading=\"lazy\" decoding=\"async\" width=\"320\" height=\"286\" src=\"https:\/\/andrea-wahr.de\/wp-content\/uploads\/2025\/07\/6ae9bfa2-d159-4300-a27f-511ee2993a4e.jpg\" alt=\"\" class=\"wp-image-364\" style=\"width:350px;height:auto\" srcset=\"https:\/\/andrea-wahr.de\/wp-content\/uploads\/2025\/07\/6ae9bfa2-d159-4300-a27f-511ee2993a4e.jpg 320w, https:\/\/andrea-wahr.de\/wp-content\/uploads\/2025\/07\/6ae9bfa2-d159-4300-a27f-511ee2993a4e-300x268.jpg 300w\" sizes=\"auto, (max-width: 320px) 100vw, 320px\" \/><\/figure>\n<\/div>\n\n\n\n<div class=\"wp-block-column is-layout-flow wp-block-column-is-layout-flow\">\n<p>Glamotti Lederg\u00fcrtel und Schlie\u00dfen stehen f\u00fcr hochwertige Qualit\u00e4t. Mit Liebe handgefertigt in kleinen, traditionellen Manufakturen in Norditalien. Finden Sie Ihre pers\u00f6nliche G\u00fcrtelkombination. Unsere G\u00fcrtel mit austauschbaren Schlie\u00dfen machen das Angebot ausgesprochen vielseitig.<\/p>\n\n\n\n<figure class=\"wp-block-image size-large is-resized\"><a href=\"https:\/\/glamotti.com\/produkt-kategorie\/guertel\/\"><img loading=\"lazy\" decoding=\"async\" width=\"1024\" height=\"512\" src=\"https:\/\/andrea-wahr.de\/wp-content\/uploads\/2023\/01\/Glamotti-Logo-2019-11-color-2-1024x512.jpg\" alt=\"\" class=\"wp-image-272\" style=\"width:220px;height:auto\" srcset=\"https:\/\/andrea-wahr.de\/wp-content\/uploads\/2023\/01\/Glamotti-Logo-2019-11-color-2-1024x512.jpg 1024w, https:\/\/andrea-wahr.de\/wp-content\/uploads\/2023\/01\/Glamotti-Logo-2019-11-color-2-300x150.jpg 300w, https:\/\/andrea-wahr.de\/wp-content\/uploads\/2023\/01\/Glamotti-Logo-2019-11-color-2-768x384.jpg 768w, https:\/\/andrea-wahr.de\/wp-content\/uploads\/2023\/01\/Glamotti-Logo-2019-11-color-2-1536x768.jpg 1536w, https:\/\/andrea-wahr.de\/wp-content\/uploads\/2023\/01\/Glamotti-Logo-2019-11-color-2.jpg 2000w\" sizes=\"auto, (max-width: 1024px) 100vw, 1024px\" \/><\/a><\/figure>\n<\/div>\n<\/div>\n","protected":false},"excerpt":{"rendered":"<p>Handwerkskunst, h\u00f6chster Anspruch an Qualit\u00e4t und die stetige Suche nach immer neuen Linien sind die Prinzipien, die das Unternehmen Hubert Gasser auszeichnen. Verwurzelt mit Tradition made in Italy begeistert die Kollektion von Hubert Gasser immer wieder aufs Neue. Mit aufwendigen Materialien und Garnen entwirft das Unternehmen hochwertige Mode seit 1976. Exzellenter Service, au\u00dfergew\u00f6hnliche Materialien und&hellip;<\/p>\n","protected":false},"author":3,"featured_media":0,"parent":0,"menu_order":0,"comment_status":"closed","ping_status":"closed","template":"","meta":{"footnotes":""},"class_list":["post-21","page","type-page","status-publish","hentry","no-post-thumbnail","post-grid-2-col","entry"],"_links":{"self":[{"href":"https:\/\/andrea-wahr.de\/index.php?rest_route=\/wp\/v2\/pages\/21","targetHints":{"allow":["GET"]}}],"collection":[{"href":"https:\/\/andrea-wahr.de\/index.php?rest_route=\/wp\/v2\/pages"}],"about":[{"href":"https:\/\/andrea-wahr.de\/index.php?rest_route=\/wp\/v2\/types\/page"}],"author":[{"embeddable":true,"href":"https:\/\/andrea-wahr.de\/index.php?rest_route=\/wp\/v2\/users\/3"}],"replies":[{"embeddable":true,"href":"https:\/\/andrea-wahr.de\/index.php?rest_route=%2Fwp%2Fv2%2Fcomments&post=21"}],"version-history":[{"count":31,"href":"https:\/\/andrea-wahr.de\/index.php?rest_route=\/wp\/v2\/pages\/21\/revisions"}],"predecessor-version":[{"id":376,"href":"https:\/\/andrea-wahr.de\/index.php?rest_route=\/wp\/v2\/pages\/21\/revisions\/376"}],"wp:attachment":[{"href":"https:\/\/andrea-wahr.de\/index.php?rest_route=%2Fwp%2Fv2%2Fmedia&parent=21"}],"curies":[{"name":"wp","href":"https:\/\/api.w.org\/{rel}","templated":true}]}}